{"id":199,"date":"2016-10-05T12:10:13","date_gmt":"2016-10-05T10:10:13","guid":{"rendered":"https:\/\/ccranio.de\/?page_id=199"},"modified":"2019-09-06T12:47:29","modified_gmt":"2019-09-06T10:47:29","slug":"bruxismus","status":"publish","type":"page","link":"https:\/\/ccranio.de\/index.php\/bruxismus\/","title":{"rendered":"Bruxismus"},"content":{"rendered":"<h5>Besonders am Herzen liegt mir auch die Behandlung von Bruxismus<\/h5>\n<p>Der Bruxismus ist das unbewusste, meist n\u00e4chtliche, aber auch tags\u00fcber ausgef\u00fchrte Z\u00e4hneknirschen oder Aufeinanderpressen der Z\u00e4hne. Das f\u00fchrt h\u00e4ufig zum fr\u00fchzeitigen Zahnverschleiss. Das Kiefergelenk, die Kaumuskulatur, aber auch andere Muskelgruppen, die zur Stabilisierung des Kopfes angespannt werden, k\u00f6nnen gesch\u00e4digt werden.<\/p>\n<p>Folgen dieser Sch\u00e4digungen&nbsp;k\u00f6nnen sein:<\/p>\n<ul>\n<li>&nbsp;Kopfschmerzen<\/li>\n<li>&nbsp;Tinnitus \/ Ohrger\u00e4usche<\/li>\n<li>&nbsp;Nackenverspannung<\/li>\n<li>&nbsp;Schwindel<\/li>\n<li>&nbsp;Craniomandibul\u00e4re Dysfunktion (CMD)<\/li>\n<li>&nbsp;Schlafst\u00f6rung<\/li>\n<li>&nbsp;Eingeschr\u00e4nkte Kiefer\u00f6ffnung<\/li>\n<\/ul>\n","protected":false},"excerpt":{"rendered":"<p>Besonders am Herzen liegt mir auch die Behandlung von Bruxismus Der Bruxismus ist das unbewusste, meist n\u00e4chtliche, aber auch tags\u00fcber ausgef\u00fchrte Z\u00e4hneknirschen oder Aufeinanderpressen der Z\u00e4hne. Das f\u00fchrt h\u00e4ufig zum fr\u00fchzeitigen Zahnverschleiss. Das Kiefergelenk, die Kaumuskulatur, aber auch andere Muskelgruppen, die zur Stabilisierung des Kopfes angespannt werden, k\u00f6nnen gesch\u00e4digt werden. Folgen dieser Sch\u00e4digungen&nbsp;k\u00f6nnen sein: &nbsp;Kopfschmerzen &hellip; <a href=\"https:\/\/ccranio.de\/index.php\/bruxismus\/\" class=\"more-link\"><span class=\"screen-reader-text\">\u201eBruxismus\u201c<\/span> weiterlesen<\/a><\/p>\n","protected":false},"author":1,"featured_media":0,"parent":0,"menu_order":0,"comment_status":"closed","ping_status":"closed","template":"","meta":{"footnotes":""},"categories":[],"tags":[],"class_list":["post-199","page","type-page","status-publish","hentry"],"_links":{"self":[{"href":"https:\/\/ccranio.de\/index.php\/wp-json\/wp\/v2\/pages\/199","targetHints":{"allow":["GET"]}}],"collection":[{"href":"https:\/\/ccranio.de\/index.php\/wp-json\/wp\/v2\/pages"}],"about":[{"href":"https:\/\/ccranio.de\/index.php\/wp-json\/wp\/v2\/types\/page"}],"author":[{"embeddable":true,"href":"https:\/\/ccranio.de\/index.php\/wp-json\/wp\/v2\/users\/1"}],"replies":[{"embeddable":true,"href":"https:\/\/ccranio.de\/index.php\/wp-json\/wp\/v2\/comments?post=199"}],"version-history":[{"count":7,"href":"https:\/\/ccranio.de\/index.php\/wp-json\/wp\/v2\/pages\/199\/revisions"}],"predecessor-version":[{"id":237,"href":"https:\/\/ccranio.de\/index.php\/wp-json\/wp\/v2\/pages\/199\/revisions\/237"}],"wp:attachment":[{"href":"https:\/\/ccranio.de\/index.php\/wp-json\/wp\/v2\/media?parent=199"}],"wp:term":[{"taxonomy":"category","embeddable":true,"href":"https:\/\/ccranio.de\/index.php\/wp-json\/wp\/v2\/categories?post=199"},{"taxonomy":"post_tag","embeddable":true,"href":"https:\/\/ccranio.de\/index.php\/wp-json\/wp\/v2\/tags?post=199"}],"curies":[{"name":"wp","href":"https:\/\/api.w.org\/{rel}","templated":true}]}}