{"id":20,"date":"2016-09-01T14:40:27","date_gmt":"2016-09-01T12:40:27","guid":{"rendered":"https:\/\/ccranio.de\/?page_id=20"},"modified":"2024-06-02T13:51:23","modified_gmt":"2024-06-02T11:51:23","slug":"home","status":"publish","type":"page","link":"https:\/\/ccranio.de\/","title":{"rendered":"Home"},"content":{"rendered":"<h1><span style=\"font-family: 'comic sans ms', sans-serif;\">Cranio-Sacrale-Therapie<\/span><\/h1>\n<h3>Individuell zugeschnittene manuelle Behandlungen bei Stress, Bruxismus (Z\u00e4hneknirschen), Kopf- und R\u00fcckenschmerzen, Ersch\u00f6pfungszust\u00e4nden. Begleitend bei psychischen Prozessen. Vor-Nachbereitung von Geburten.<\/h3>\n<p>Informationen zu o.g. Beschwerden finden Sie <strong><a href=\"https:\/\/ccranio.de\/index.php\/therapie\/\">hier<\/a><\/strong>.<\/p>\n<p><img loading=\"lazy\" decoding=\"async\" class=\" wp-image-213 alignleft\" src=\"https:\/\/ccranio.de\/wp-content\/uploads\/2016\/10\/Chris_home-300x194.jpeg\" alt=\"chris_home\" width=\"420\" height=\"272\" srcset=\"https:\/\/ccranio.de\/wp-content\/uploads\/2016\/10\/Chris_home-300x194.jpeg 300w, https:\/\/ccranio.de\/wp-content\/uploads\/2016\/10\/Chris_home-768x496.jpeg 768w, https:\/\/ccranio.de\/wp-content\/uploads\/2016\/10\/Chris_home.jpeg 814w\" sizes=\"auto, (max-width: 420px) 85vw, 420px\" \/><\/p>\n<p>Durch genaue Ber\u00fchrungen soll Ihr K\u00f6rper mir zeigen, wie ich helfen kann. Es geht um ein Miteinander, indem dem K\u00f6rper des Klienten die M\u00f6glichkeit gegeben wird, sich zu korrigieren und neu auszurichten.<\/p>\n<p>Zu meinen Klienten z\u00e4hle ich M\u00e4nner, Frauen, Kinder und Babies.<\/p>\n\n\n<figure class=\"wp-block-image size-large is-style-default\"><img loading=\"lazy\" decoding=\"async\" width=\"1024\" height=\"575\" src=\"https:\/\/ccranio.de\/wp-content\/uploads\/2016\/09\/P1020306-1024x575.jpg\" alt=\"\" class=\"wp-image-41\" srcset=\"https:\/\/ccranio.de\/wp-content\/uploads\/2016\/09\/P1020306-1024x575.jpg 1024w, https:\/\/ccranio.de\/wp-content\/uploads\/2016\/09\/P1020306-300x169.jpg 300w, https:\/\/ccranio.de\/wp-content\/uploads\/2016\/09\/P1020306-768x432.jpg 768w, https:\/\/ccranio.de\/wp-content\/uploads\/2016\/09\/P1020306-1200x674.jpg 1200w, https:\/\/ccranio.de\/wp-content\/uploads\/2016\/09\/P1020306.jpg 2000w\" sizes=\"auto, (max-width: 709px) 85vw, (max-width: 909px) 67vw, (max-width: 1362px) 62vw, 840px\" \/><\/figure>\n","protected":false},"excerpt":{"rendered":"<p>Cranio-Sacrale-Therapie Individuell zugeschnittene manuelle Behandlungen bei Stress, Bruxismus (Z\u00e4hneknirschen), Kopf- und R\u00fcckenschmerzen, Ersch\u00f6pfungszust\u00e4nden. Begleitend bei psychischen Prozessen. Vor-Nachbereitung von Geburten. Informationen zu o.g. Beschwerden finden Sie hier. Durch genaue Ber\u00fchrungen soll Ihr K\u00f6rper mir zeigen, wie ich helfen kann. Es geht um ein Miteinander, indem dem K\u00f6rper des Klienten die M\u00f6glichkeit gegeben wird, sich zu &hellip; <a href=\"https:\/\/ccranio.de\/\" class=\"more-link\"><span class=\"screen-reader-text\">\u201eHome\u201c<\/span> weiterlesen<\/a><\/p>\n","protected":false},"author":1,"featured_media":0,"parent":0,"menu_order":0,"comment_status":"closed","ping_status":"closed","template":"","meta":{"footnotes":""},"categories":[],"tags":[5,17,18],"class_list":["post-20","page","type-page","status-publish","hentry","tag-cranio","tag-therapeutin","tag-therapie"],"_links":{"self":[{"href":"https:\/\/ccranio.de\/index.php\/wp-json\/wp\/v2\/pages\/20","targetHints":{"allow":["GET"]}}],"collection":[{"href":"https:\/\/ccranio.de\/index.php\/wp-json\/wp\/v2\/pages"}],"about":[{"href":"https:\/\/ccranio.de\/index.php\/wp-json\/wp\/v2\/types\/page"}],"author":[{"embeddable":true,"href":"https:\/\/ccranio.de\/index.php\/wp-json\/wp\/v2\/users\/1"}],"replies":[{"embeddable":true,"href":"https:\/\/ccranio.de\/index.php\/wp-json\/wp\/v2\/comments?post=20"}],"version-history":[{"count":37,"href":"https:\/\/ccranio.de\/index.php\/wp-json\/wp\/v2\/pages\/20\/revisions"}],"predecessor-version":[{"id":417,"href":"https:\/\/ccranio.de\/index.php\/wp-json\/wp\/v2\/pages\/20\/revisions\/417"}],"wp:attachment":[{"href":"https:\/\/ccranio.de\/index.php\/wp-json\/wp\/v2\/media?parent=20"}],"wp:term":[{"taxonomy":"category","embeddable":true,"href":"https:\/\/ccranio.de\/index.php\/wp-json\/wp\/v2\/categories?post=20"},{"taxonomy":"post_tag","embeddable":true,"href":"https:\/\/ccranio.de\/index.php\/wp-json\/wp\/v2\/tags?post=20"}],"curies":[{"name":"wp","href":"https:\/\/api.w.org\/{rel}","templated":true}]}}