{"id":240,"date":"2019-09-08T14:25:45","date_gmt":"2019-09-08T12:25:45","guid":{"rendered":"https:\/\/ccranio.de\/?page_id=240"},"modified":"2024-06-02T13:56:06","modified_gmt":"2024-06-02T11:56:06","slug":"vcsw-nach-hugh-milne","status":"publish","type":"page","link":"https:\/\/ccranio.de\/index.php\/vcsw-nach-hugh-milne\/","title":{"rendered":"VCSW\u00ae nach Hugh Milne"},"content":{"rendered":"\n<p>Vision\u00e4re Cranio Sacral Arbeit\u00ae&nbsp;nach Hugh Milne<\/p>\n\n\n\n<figure class=\"wp-block-image\"><img loading=\"lazy\" decoding=\"async\" width=\"233\" height=\"216\" src=\"https:\/\/ccranio.de\/wp-content\/uploads\/2019\/09\/download.jpg\" alt=\"download\" class=\"wp-image-249\"\/><\/figure>\n\n\n\n<p>Hugh Milne stammt aus einer Osteopathen Familie und hat die \u201eVision\u00e4re Cranio Sacral Arbeit\u201c ins Leben gerufen.<br>In dieser verbinden sich Grundlagen der Anatomie, Prozessarbeit und schamanischer Arbeit mit den Grundprinzipien der Osteopathie und Cranio Sacral Arbeit.<br>Weitere Informationen \u00fcber das Milne Institut k\u00f6nnen Sie unter folgendem <a href=\"https:\/\/milneinstitute.com\/de\/\" target=\"_blank\" rel=\"noopener\">Link<\/a> einsehen.<\/p>\n\n\n\n<p>In Deutschland gibt es f\u00fcr die Craniosacrale Arbeit eine Aufsichtsbeh\u00f6rde, den Craniosacral Verband Deutschland ( CSVD e.V. ), der als Voraussetzung f\u00fcr die Aufnahme als Praktizierender oder sp\u00e4ter dann auch als Master Praktizierender, eine genaue Anzahl von Unterrichtsstunden, Intervision, Supervision und praktischer Arbeit festlegt. Alle diese Stunden k\u00f6nnen von Studenten, die beim Milne Institut auf dem Diplompfad sind und einen Gesundheitsberuf haben, absolviert werden. Genaue Informationen unter folgendem <a href=\"https:\/\/www.cranioverband.org\/\" target=\"_blank\" rel=\"noopener\">Link<\/a>&nbsp;einsehen.<\/p>\n\n\n\n<figure class=\"wp-block-image size-large is-resized\"><img loading=\"lazy\" decoding=\"async\" src=\"https:\/\/ccranio.de\/wp-content\/uploads\/2024\/06\/Christina-Smith-1024x683.jpg\" alt=\"\" class=\"wp-image-385\" width=\"259\" height=\"173\" srcset=\"https:\/\/ccranio.de\/wp-content\/uploads\/2024\/06\/Christina-Smith-1024x683.jpg 1024w, https:\/\/ccranio.de\/wp-content\/uploads\/2024\/06\/Christina-Smith-300x200.jpg 300w, https:\/\/ccranio.de\/wp-content\/uploads\/2024\/06\/Christina-Smith-768x512.jpg 768w, https:\/\/ccranio.de\/wp-content\/uploads\/2024\/06\/Christina-Smith-1200x800.jpg 1200w, https:\/\/ccranio.de\/wp-content\/uploads\/2024\/06\/Christina-Smith.jpg 1500w\" sizes=\"auto, (max-width: 259px) 85vw, 259px\" \/><\/figure>\n\n\n\n<p>Seit dem 1. Januar 2019 bin ich die Vertreterin des Milne Instituts in Deutschland und zust\u00e4ndig f\u00fcr die Zusammenarbeit mit dem Cranio Sacral Verband Deutschland e.V.. Seit Juni 2020 bin ich auch f\u00fcr die Zusammenarbeit mit dem Cranio Austria zust\u00e4ndig.<\/p>\n\n\n\n<p>Bei Fragen zum Beitritt in einen der Verb\u00e4nde kontaktieren Sie mich gerne!<br>Ausserdem bin ich Supervisorin und damit berechtigt Studentenprotokolle zu lesen.<br>Ich biete folgenden Service f\u00fcr Milne Studenten an:<\/p>\n\n\n\n<p>-Beratung f\u00fcr Milne Studenten, die dem Cranio Sacral Verband Deutschland beitreten wollen.<br>(Dieser Service ist kostenfrei )<br>-WE Kurse f\u00fcr den komplette Anf\u00e4nger, um sich f\u00fcr die Ausbildung beim Milne Institut zu<br>qualifizieren<br>-Intervision WE Kurse f\u00fcr alle Studierenden, Wiedereinsteiger und Graduates<br>-Post Graduate Kurse f\u00fcr Absolventen des Milne Instituts und anderer Schulen zum Austausch, Kennen lernen und Weiterbildung.<br>-Professionelle Sitzungen f\u00fcr Studenten des Milne Institutes<br>-Lesen von Protokollen und Supervisionssitzungen<\/p>\n\n\n\n<p>Termine entnehmen Sie bitte der Seite \u201e<a href=\"https:\/\/ccranio.de\/index.php\/aktuelles\/\">Milne Kurse<\/a>&#8222;!<\/p>\n","protected":false},"excerpt":{"rendered":"<p>Vision\u00e4re Cranio Sacral Arbeit\u00ae&nbsp;nach Hugh Milne Hugh Milne stammt aus einer Osteopathen Familie und hat die \u201eVision\u00e4re Cranio Sacral Arbeit\u201c ins Leben gerufen.In dieser verbinden sich Grundlagen der Anatomie, Prozessarbeit und schamanischer Arbeit mit den Grundprinzipien der Osteopathie und Cranio Sacral Arbeit.Weitere Informationen \u00fcber das Milne Institut k\u00f6nnen Sie unter folgendem Link einsehen. In Deutschland &hellip; <a href=\"https:\/\/ccranio.de\/index.php\/vcsw-nach-hugh-milne\/\" class=\"more-link\"><span class=\"screen-reader-text\">\u201eVCSW\u00ae nach Hugh Milne\u201c<\/span> weiterlesen<\/a><\/p>\n","protected":false},"author":1,"featured_media":0,"parent":0,"menu_order":0,"comment_status":"closed","ping_status":"closed","template":"","meta":{"footnotes":""},"categories":[],"tags":[],"class_list":["post-240","page","type-page","status-publish","hentry"],"_links":{"self":[{"href":"https:\/\/ccranio.de\/index.php\/wp-json\/wp\/v2\/pages\/240","targetHints":{"allow":["GET"]}}],"collection":[{"href":"https:\/\/ccranio.de\/index.php\/wp-json\/wp\/v2\/pages"}],"about":[{"href":"https:\/\/ccranio.de\/index.php\/wp-json\/wp\/v2\/types\/page"}],"author":[{"embeddable":true,"href":"https:\/\/ccranio.de\/index.php\/wp-json\/wp\/v2\/users\/1"}],"replies":[{"embeddable":true,"href":"https:\/\/ccranio.de\/index.php\/wp-json\/wp\/v2\/comments?post=240"}],"version-history":[{"count":20,"href":"https:\/\/ccranio.de\/index.php\/wp-json\/wp\/v2\/pages\/240\/revisions"}],"predecessor-version":[{"id":419,"href":"https:\/\/ccranio.de\/index.php\/wp-json\/wp\/v2\/pages\/240\/revisions\/419"}],"wp:attachment":[{"href":"https:\/\/ccranio.de\/index.php\/wp-json\/wp\/v2\/media?parent=240"}],"wp:term":[{"taxonomy":"category","embeddable":true,"href":"https:\/\/ccranio.de\/index.php\/wp-json\/wp\/v2\/categories?post=240"},{"taxonomy":"post_tag","embeddable":true,"href":"https:\/\/ccranio.de\/index.php\/wp-json\/wp\/v2\/tags?post=240"}],"curies":[{"name":"wp","href":"https:\/\/api.w.org\/{rel}","templated":true}]}}