{"id":297,"date":"2021-02-07T12:30:42","date_gmt":"2021-02-07T11:30:42","guid":{"rendered":"https:\/\/ccranio.de\/?page_id=297"},"modified":"2025-10-13T16:01:31","modified_gmt":"2025-10-13T14:01:31","slug":"eigene-kurse","status":"publish","type":"page","link":"https:\/\/ccranio.de\/index.php\/home\/eigene-kurse\/","title":{"rendered":"Worte aus der Stille"},"content":{"rendered":"\n<figure class=\"wp-block-image size-large is-style-rounded\"><img loading=\"lazy\" decoding=\"async\" width=\"976\" height=\"1024\" src=\"https:\/\/ccranio.de\/wp-content\/uploads\/2016\/09\/forest-1163565_1920-976x1024.jpg\" alt=\"\" class=\"wp-image-28\" srcset=\"https:\/\/ccranio.de\/wp-content\/uploads\/2016\/09\/forest-1163565_1920-976x1024.jpg 976w, https:\/\/ccranio.de\/wp-content\/uploads\/2016\/09\/forest-1163565_1920-286x300.jpg 286w, https:\/\/ccranio.de\/wp-content\/uploads\/2016\/09\/forest-1163565_1920-768x806.jpg 768w, https:\/\/ccranio.de\/wp-content\/uploads\/2016\/09\/forest-1163565_1920-1200x1259.jpg 1200w, https:\/\/ccranio.de\/wp-content\/uploads\/2016\/09\/forest-1163565_1920.jpg 1830w\" sizes=\"auto, (max-width: 709px) 85vw, (max-width: 909px) 67vw, (max-width: 1362px) 62vw, 840px\" \/><\/figure>\n\n\n<p style=\"font-weight: 400;\">\u00a0<\/p>\n<p style=\"font-weight: 400;\">Alle, die wie wir diese Arbeit betreiben wissen \u2013 hoffentlich &#8211; wie man still wird, sich mit dem Feld verbindet und aus dem Weg geht.<\/p>\n<p style=\"font-weight: 400;\">Aber wie finden wir aus der Stille zur\u00fcck zur Sprache? Und wann?<\/p>\n<p style=\"font-weight: 400;\">Genau darum geht es in diesem Kursus. Anhand von Einzel-, Paar- und Gruppenarbeit werden wir verschiedene Ans\u00e4tze ausprobieren und selber erfahren.<\/p>\n<p style=\"font-weight: 400;\">Wie immer gibt es spielerische \u00dcbungen (und auch Platz f\u00fcr Stille dazwischen-keine Sorge) und wir bleiben dabei soviel wie m\u00f6glich trotzdem in K\u00f6rperkontakt!<\/p>\n<p style=\"font-weight: 400;\"><strong><u>Termine:<\/u><\/strong><\/p>\n<p>9\/10 Mai 2026 HP Praxis Christina Smith, Hofaue 54, 42103 Wuppertal<\/p>\n<p style=\"font-weight: 400;\"><strong>Tel: 0202\/2544354<\/strong><\/p>\n<p style=\"font-weight: 400;\"><span style=\"color: #339966;\"><strong>Preis: \u00a0250,00 Euro<\/strong><\/span><\/p>\n<p><strong style=\"font-size: revert;\">Kurszeiten<\/strong><\/p>\n<p style=\"font-weight: 400;\"><strong>\u00a0<\/strong><strong>Samstag 9.00 \u2013 18.00 Uhr, Sonntag 9.00 \u2013 17.00 Uhr<\/strong><\/p>\n<p style=\"font-weight: 400;\">\u00a0<\/p>\n<p style=\"font-weight: 400;\">\u00a0<\/p>","protected":false},"excerpt":{"rendered":"<p>\u00a0 Alle, die wie wir diese Arbeit betreiben wissen \u2013 hoffentlich &#8211; wie man still wird, sich mit dem Feld verbindet und aus dem Weg geht. Aber wie finden wir aus der Stille zur\u00fcck zur Sprache? Und wann? Genau darum geht es in diesem Kursus. Anhand von Einzel-, Paar- und Gruppenarbeit werden wir verschiedene Ans\u00e4tze &hellip; <a href=\"https:\/\/ccranio.de\/index.php\/home\/eigene-kurse\/\" class=\"more-link\"><span class=\"screen-reader-text\">\u201eWorte aus der Stille\u201c<\/span> weiterlesen<\/a><\/p>\n","protected":false},"author":1,"featured_media":0,"parent":20,"menu_order":0,"comment_status":"closed","ping_status":"closed","template":"","meta":{"footnotes":""},"categories":[],"tags":[],"class_list":["post-297","page","type-page","status-publish","hentry"],"_links":{"self":[{"href":"https:\/\/ccranio.de\/index.php\/wp-json\/wp\/v2\/pages\/297","targetHints":{"allow":["GET"]}}],"collection":[{"href":"https:\/\/ccranio.de\/index.php\/wp-json\/wp\/v2\/pages"}],"about":[{"href":"https:\/\/ccranio.de\/index.php\/wp-json\/wp\/v2\/types\/page"}],"author":[{"embeddable":true,"href":"https:\/\/ccranio.de\/index.php\/wp-json\/wp\/v2\/users\/1"}],"replies":[{"embeddable":true,"href":"https:\/\/ccranio.de\/index.php\/wp-json\/wp\/v2\/comments?post=297"}],"version-history":[{"count":35,"href":"https:\/\/ccranio.de\/index.php\/wp-json\/wp\/v2\/pages\/297\/revisions"}],"predecessor-version":[{"id":543,"href":"https:\/\/ccranio.de\/index.php\/wp-json\/wp\/v2\/pages\/297\/revisions\/543"}],"up":[{"embeddable":true,"href":"https:\/\/ccranio.de\/index.php\/wp-json\/wp\/v2\/pages\/20"}],"wp:attachment":[{"href":"https:\/\/ccranio.de\/index.php\/wp-json\/wp\/v2\/media?parent=297"}],"wp:term":[{"taxonomy":"category","embeddable":true,"href":"https:\/\/ccranio.de\/index.php\/wp-json\/wp\/v2\/categories?post=297"},{"taxonomy":"post_tag","embeddable":true,"href":"https:\/\/ccranio.de\/index.php\/wp-json\/wp\/v2\/tags?post=297"}],"curies":[{"name":"wp","href":"https:\/\/api.w.org\/{rel}","templated":true}]}}