{"id":46,"date":"2016-09-01T14:58:29","date_gmt":"2016-09-01T12:58:29","guid":{"rendered":"https:\/\/ccranio.de\/?page_id=46"},"modified":"2024-06-02T13:30:10","modified_gmt":"2024-06-02T11:30:10","slug":"behandlung","status":"publish","type":"page","link":"https:\/\/ccranio.de\/index.php\/behandlung\/","title":{"rendered":"Behandlung"},"content":{"rendered":"\n<figure class=\"wp-block-gallery has-nested-images columns-default is-cropped wp-block-gallery-1 is-layout-flex wp-block-gallery-is-layout-flex\">\n<figure class=\"wp-block-image size-large\"><img loading=\"lazy\" decoding=\"async\" width=\"2000\" height=\"1333\" data-id=\"388\" src=\"https:\/\/ccranio.de\/wp-content\/uploads\/2024\/06\/FFV_7321.jpg\" alt=\"\" class=\"wp-image-388\" srcset=\"https:\/\/ccranio.de\/wp-content\/uploads\/2024\/06\/FFV_7321.jpg 2000w, https:\/\/ccranio.de\/wp-content\/uploads\/2024\/06\/FFV_7321-300x200.jpg 300w, https:\/\/ccranio.de\/wp-content\/uploads\/2024\/06\/FFV_7321-1024x682.jpg 1024w, https:\/\/ccranio.de\/wp-content\/uploads\/2024\/06\/FFV_7321-768x512.jpg 768w, https:\/\/ccranio.de\/wp-content\/uploads\/2024\/06\/FFV_7321-1536x1024.jpg 1536w, https:\/\/ccranio.de\/wp-content\/uploads\/2024\/06\/FFV_7321-1200x800.jpg 1200w\" sizes=\"auto, (max-width: 709px) 85vw, (max-width: 909px) 67vw, (max-width: 1362px) 62vw, 840px\" \/><\/figure>\n<\/figure>\n\n\n<p>Die Basis unserer Behandlung ist ein ausf\u00fchrliches Erstgespr\u00e4ch. Hier nehme ich mir Zeit f\u00fcr Ihre individuellen Symptome, Ihr pers\u00f6nliches Erleben Ihrer Krankheit und Ihre Krankengeschichte.&nbsp;Gerne sehe ich auch Berichte und R\u00f6ntgenbilder der behandelnden \u00c4rzte an.<\/p>\n<p>In der Regel ist eine k\u00f6rperliche Abkl\u00e4rung durch den Arzt&nbsp;voraus gegangen.<\/p>\n<p>Die Dauer dieser so genannten Erstanamnese liegt bei 15-60 Minuten.&nbsp;Diese ist, wenn sich eine Behandlung anschlie\u00dft, kostenfrei.<\/p>\n<p>Die Behandlungsdauer ist abh\u00e4ngig von der Schwere der Erkrankung und der bisherigen Erkrankungsdauer.<\/p>\n<p>In unserer Praxis finden Sie:<\/p>\n<ul>\n<li>Viel Zeit f\u00fcr pers\u00f6nliche Gespr\u00e4che<\/li>\n<li>Kompetente Beratung<\/li>\n<li>Eine auf Sie individuelle abgestimmte K\u00f6rperbehandlung<\/li>\n<\/ul>\n\n\n<figure class=\"wp-block-image size-large\"><img loading=\"lazy\" decoding=\"async\" width=\"1024\" height=\"682\" src=\"https:\/\/ccranio.de\/wp-content\/uploads\/2024\/06\/FFV_7315-1024x682.jpg\" alt=\"\" class=\"wp-image-387\" srcset=\"https:\/\/ccranio.de\/wp-content\/uploads\/2024\/06\/FFV_7315-1024x682.jpg 1024w, https:\/\/ccranio.de\/wp-content\/uploads\/2024\/06\/FFV_7315-300x200.jpg 300w, https:\/\/ccranio.de\/wp-content\/uploads\/2024\/06\/FFV_7315-768x512.jpg 768w, https:\/\/ccranio.de\/wp-content\/uploads\/2024\/06\/FFV_7315-1536x1024.jpg 1536w, https:\/\/ccranio.de\/wp-content\/uploads\/2024\/06\/FFV_7315-1200x800.jpg 1200w, https:\/\/ccranio.de\/wp-content\/uploads\/2024\/06\/FFV_7315.jpg 2000w\" sizes=\"auto, (max-width: 709px) 85vw, (max-width: 909px) 67vw, (max-width: 1362px) 62vw, 840px\" \/><\/figure>\n","protected":false},"excerpt":{"rendered":"<p>Die Basis unserer Behandlung ist ein ausf\u00fchrliches Erstgespr\u00e4ch. Hier nehme ich mir Zeit f\u00fcr Ihre individuellen Symptome, Ihr pers\u00f6nliches Erleben Ihrer Krankheit und Ihre Krankengeschichte.&nbsp;Gerne sehe ich auch Berichte und R\u00f6ntgenbilder der behandelnden \u00c4rzte an. In der Regel ist eine k\u00f6rperliche Abkl\u00e4rung durch den Arzt&nbsp;voraus gegangen. Die Dauer dieser so genannten Erstanamnese liegt bei 15-60 &hellip; <a href=\"https:\/\/ccranio.de\/index.php\/behandlung\/\" class=\"more-link\"><span class=\"screen-reader-text\">\u201eBehandlung\u201c<\/span> weiterlesen<\/a><\/p>\n","protected":false},"author":1,"featured_media":0,"parent":0,"menu_order":0,"comment_status":"closed","ping_status":"closed","template":"","meta":{"footnotes":""},"categories":[],"tags":[],"class_list":["post-46","page","type-page","status-publish","hentry"],"_links":{"self":[{"href":"https:\/\/ccranio.de\/index.php\/wp-json\/wp\/v2\/pages\/46","targetHints":{"allow":["GET"]}}],"collection":[{"href":"https:\/\/ccranio.de\/index.php\/wp-json\/wp\/v2\/pages"}],"about":[{"href":"https:\/\/ccranio.de\/index.php\/wp-json\/wp\/v2\/types\/page"}],"author":[{"embeddable":true,"href":"https:\/\/ccranio.de\/index.php\/wp-json\/wp\/v2\/users\/1"}],"replies":[{"embeddable":true,"href":"https:\/\/ccranio.de\/index.php\/wp-json\/wp\/v2\/comments?post=46"}],"version-history":[{"count":7,"href":"https:\/\/ccranio.de\/index.php\/wp-json\/wp\/v2\/pages\/46\/revisions"}],"predecessor-version":[{"id":400,"href":"https:\/\/ccranio.de\/index.php\/wp-json\/wp\/v2\/pages\/46\/revisions\/400"}],"wp:attachment":[{"href":"https:\/\/ccranio.de\/index.php\/wp-json\/wp\/v2\/media?parent=46"}],"wp:term":[{"taxonomy":"category","embeddable":true,"href":"https:\/\/ccranio.de\/index.php\/wp-json\/wp\/v2\/categories?post=46"},{"taxonomy":"post_tag","embeddable":true,"href":"https:\/\/ccranio.de\/index.php\/wp-json\/wp\/v2\/tags?post=46"}],"curies":[{"name":"wp","href":"https:\/\/api.w.org\/{rel}","templated":true}]}}