{"id":518,"date":"2024-10-04T10:38:22","date_gmt":"2024-10-04T08:38:22","guid":{"rendered":"https:\/\/ccranio.de\/?page_id=518"},"modified":"2025-10-13T16:03:18","modified_gmt":"2025-10-13T14:03:18","slug":"craniosacral","status":"publish","type":"page","link":"https:\/\/ccranio.de\/index.php\/craniosacral\/","title":{"rendered":"Craniosacrale Selbstbehandlung"},"content":{"rendered":"\n<p class=\"has-medium-font-size\" style=\"font-style:normal;font-weight:700\">Craniosacral Arbeit als Selbstanwendung f\u00fcr dich und deine Klienten<\/p>\n\n\n\n<p>Nachdem ich als Dozentin f\u00fcr die Forschung an der Uniklinik Essen eine Gruppe Menschen betreut habe, die an chronischen R\u00fcckenschmerzen litten und v\u00f6llige Laien waren, \u00fcberraschten mich, welches Potenzial in der Cranio Sakralen Selbstbehandlung steckt. Mit grosser Freude m\u00f6chte ich dieses Wissen weitergeben.<\/p>\n\n\n\n<p>In diesem Kursus werdet Ihr die St\u00e4rkung eigeneren&nbsp;Ressourcen, sowie die Anleitung diese Arbeit an Eure Klienten weiterzugeben kennenlernen.&nbsp;<br>Dabei werden wir am eigenen K\u00f6rper arbeiten, sowie Visualisationstechniken kennen- und aus\u00fcben lernen. Dir Grifftechniken werden mittels Affirmation durch Sprache, sowie mechanische Hilfsmittel unterst\u00fctzt.<br>F\u00fcr TherapeutInnen ist dies ein grosser Schatz, den wir unseren Klienten mitgeben k\u00f6nnen, jedoch k\u00f6nnen an diesem Kursus auch interessierte Laien -sofern sie \u00fcber Vorkenntnisse in K\u00f6rperarbeit verf\u00fcgen \u2013 teilnehmen.<\/p>\n\n\n\n<p><strong><u>Termine:<\/u><\/strong><\/p>\n\n\n\n<p>6\/7\/8 November 2026<\/p>\n\n\n\n<p><strong>&nbsp;HP Praxis Christina Smith, Hofaue 54, 42193 Wuppertal<\/strong><\/p>\n\n\n\n<p><strong>Tel: 0202\/2544354 Mail:&nbsp;<\/strong><a href=\"mailto:Ccranio@t-online.de\"><strong>Ccranio@t-online.de<\/strong><\/a><strong><\/strong><\/p>\n\n\n\n<p><strong>Preis: 300,00 Euro<br><\/strong><strong>Kurszeiten:<\/strong><\/p>\n\n\n\n<p><strong>Freitags 17:00-20:00 Uhr Samstag 9:00-18.00 Uhr Sonntag 9:00-17:00 Uhr<\/strong><\/p>\n","protected":false},"excerpt":{"rendered":"<p>Craniosacral Arbeit als Selbstanwendung f\u00fcr dich und deine Klienten Nachdem ich als Dozentin f\u00fcr die Forschung an der Uniklinik Essen eine Gruppe Menschen betreut habe, die an chronischen R\u00fcckenschmerzen litten und v\u00f6llige Laien waren, \u00fcberraschten mich, welches Potenzial in der Cranio Sakralen Selbstbehandlung steckt. Mit grosser Freude m\u00f6chte ich dieses Wissen weitergeben. In diesem Kursus &hellip; <a href=\"https:\/\/ccranio.de\/index.php\/craniosacral\/\" class=\"more-link\"><span class=\"screen-reader-text\">\u201eCraniosacrale Selbstbehandlung\u201c<\/span> weiterlesen<\/a><\/p>\n","protected":false},"author":1,"featured_media":0,"parent":0,"menu_order":0,"comment_status":"closed","ping_status":"closed","template":"","meta":{"footnotes":""},"categories":[],"tags":[],"class_list":["post-518","page","type-page","status-publish","hentry"],"_links":{"self":[{"href":"https:\/\/ccranio.de\/index.php\/wp-json\/wp\/v2\/pages\/518","targetHints":{"allow":["GET"]}}],"collection":[{"href":"https:\/\/ccranio.de\/index.php\/wp-json\/wp\/v2\/pages"}],"about":[{"href":"https:\/\/ccranio.de\/index.php\/wp-json\/wp\/v2\/types\/page"}],"author":[{"embeddable":true,"href":"https:\/\/ccranio.de\/index.php\/wp-json\/wp\/v2\/users\/1"}],"replies":[{"embeddable":true,"href":"https:\/\/ccranio.de\/index.php\/wp-json\/wp\/v2\/comments?post=518"}],"version-history":[{"count":5,"href":"https:\/\/ccranio.de\/index.php\/wp-json\/wp\/v2\/pages\/518\/revisions"}],"predecessor-version":[{"id":545,"href":"https:\/\/ccranio.de\/index.php\/wp-json\/wp\/v2\/pages\/518\/revisions\/545"}],"wp:attachment":[{"href":"https:\/\/ccranio.de\/index.php\/wp-json\/wp\/v2\/media?parent=518"}],"wp:term":[{"taxonomy":"category","embeddable":true,"href":"https:\/\/ccranio.de\/index.php\/wp-json\/wp\/v2\/categories?post=518"},{"taxonomy":"post_tag","embeddable":true,"href":"https:\/\/ccranio.de\/index.php\/wp-json\/wp\/v2\/tags?post=518"}],"curies":[{"name":"wp","href":"https:\/\/api.w.org\/{rel}","templated":true}]}}