{"id":64,"date":"2016-09-01T15:07:07","date_gmt":"2016-09-01T13:07:07","guid":{"rendered":"https:\/\/ccranio.de\/?page_id=64"},"modified":"2024-06-02T18:43:37","modified_gmt":"2024-06-02T16:43:37","slug":"cranio-sacrale","status":"publish","type":"page","link":"https:\/\/ccranio.de\/index.php\/cranio-sacrale\/","title":{"rendered":"Cranio-Sacrale Osteopathie"},"content":{"rendered":"<h2><\/h2>\n<h2><span style=\"font-family: 'comic sans ms', sans-serif;\">Cranio-Sacrale-Osteopathie \/ Therapie<\/span><\/h2>\n<p>Die Cranio Sacrale Osteopathie \/ Therapie (CSO\/CST) war urspr\u00fcnglich ein Teilgebiet der Osteopathie, da\u00df \u00fcber sehr sanfte Griffe am K\u00f6rper versucht, Blockadenzu l\u00f6sen und den Cranio Sacralen Rhythmus, den jeder K\u00f6rper neben Atmung und Herzschlag besitzt, harmonisieren. Inzwischen hat sie sich zu einer eigenst\u00e4ndigen Therapiemethode entwickelt und findet immer mehr Anh\u00e4nger. Dabei kommt es zu einer tiefen Entspannung, selbst bei Menschen, die sich nicht in der Lage f\u00fchlen, zu entspannen. Viele Probleme l\u00f6st der K\u00f6rper dann selber, indem er durch Zuckungen und kleine Bewegungen einfach die Spannung aus dem entsprechenden K\u00f6rpergebiet abgibt. Manche Probleme bed\u00fcrfen zus\u00e4tzlich auch der sanften, schmerzfreien Manipulation. Einige Krankenkassen erstatten Teile des Honorars. Bitte fragen Sie Ihre Kasse.<\/p>\n<h2><span style=\"font-family: 'comic sans ms', sans-serif;\">Ablauf einer Cranio Sacralen Behandlung<\/span><\/h2>\n<p>Wie bei allen Therapieverfahren, die in meiner Praxis angeboten werden, erfolgt zun\u00e4chst ein Anamnese, wie unter Praxis beschrieben. F\u00fcr die Behandlung legen Sie sich auf eine bequeme Behandlungsliege und werden zu gedeckt. Ein Entkleiden ist dabei \u00a0&#8211; bis auf die F\u00fc\u00dfe &#8211; nicht notwendig, jedoch sollte die Kleidung weich und nachgiebig sein. Am besten ist Sportbekleidung geeignet. (Keine Jeans!) \u00dcber sanfte Griffe kann ich die Restriktionen Ihres K\u00f6rpers erf\u00fchlen und oft auch sofort korrigieren. Ich k\u00fcndige jeden neuen Griff an und Sie k\u00f6nnen ihn gegebenenfalls ablehnen. \u00a0Zum Ende der Behandlung f\u00fchlen sich die meisten Menschen warm und leicht schwebend. Oft schlafen meine Klienten auch ein. \u00a0 Viele Menschen, die urspr\u00fcnglich mit einer Schmerzproblematik kamen, entschlie\u00dfen sich auch nur f\u00fcr diesen befreienden Entspannungszustand wieder zu kommen. Nach der Behandlung muss viel Wasser oder Kr\u00e4utertee getrunken werden ! Es kann f\u00fcr 24 bis 48 Stunden zu einer Erstverschlechterung der Symptome kommen. Sollten Sie nach der Behandlung beunruhigt sein, nehmen Sie bitte mit mir Kontakt auf. \u00a0Die Behandlung ersetzt nicht die Diagnose oder Behandlung eines Arztes.<\/p>\n","protected":false},"excerpt":{"rendered":"<p>Cranio-Sacrale-Osteopathie \/ Therapie Die Cranio Sacrale Osteopathie \/ Therapie (CSO\/CST) war urspr\u00fcnglich ein Teilgebiet der Osteopathie, da\u00df \u00fcber sehr sanfte Griffe am K\u00f6rper versucht, Blockadenzu l\u00f6sen und den Cranio Sacralen Rhythmus, den jeder K\u00f6rper neben Atmung und Herzschlag besitzt, harmonisieren. Inzwischen hat sie sich zu einer eigenst\u00e4ndigen Therapiemethode entwickelt und findet immer mehr Anh\u00e4nger. Dabei &hellip; <a href=\"https:\/\/ccranio.de\/index.php\/cranio-sacrale\/\" class=\"more-link\"><span class=\"screen-reader-text\">\u201eCranio-Sacrale Osteopathie\u201c<\/span> weiterlesen<\/a><\/p>\n","protected":false},"author":1,"featured_media":0,"parent":0,"menu_order":0,"comment_status":"closed","ping_status":"closed","template":"","meta":{"footnotes":""},"categories":[],"tags":[],"class_list":["post-64","page","type-page","status-publish","hentry"],"_links":{"self":[{"href":"https:\/\/ccranio.de\/index.php\/wp-json\/wp\/v2\/pages\/64","targetHints":{"allow":["GET"]}}],"collection":[{"href":"https:\/\/ccranio.de\/index.php\/wp-json\/wp\/v2\/pages"}],"about":[{"href":"https:\/\/ccranio.de\/index.php\/wp-json\/wp\/v2\/types\/page"}],"author":[{"embeddable":true,"href":"https:\/\/ccranio.de\/index.php\/wp-json\/wp\/v2\/users\/1"}],"replies":[{"embeddable":true,"href":"https:\/\/ccranio.de\/index.php\/wp-json\/wp\/v2\/comments?post=64"}],"version-history":[{"count":13,"href":"https:\/\/ccranio.de\/index.php\/wp-json\/wp\/v2\/pages\/64\/revisions"}],"predecessor-version":[{"id":524,"href":"https:\/\/ccranio.de\/index.php\/wp-json\/wp\/v2\/pages\/64\/revisions\/524"}],"wp:attachment":[{"href":"https:\/\/ccranio.de\/index.php\/wp-json\/wp\/v2\/media?parent=64"}],"wp:term":[{"taxonomy":"category","embeddable":true,"href":"https:\/\/ccranio.de\/index.php\/wp-json\/wp\/v2\/categories?post=64"},{"taxonomy":"post_tag","embeddable":true,"href":"https:\/\/ccranio.de\/index.php\/wp-json\/wp\/v2\/tags?post=64"}],"curies":[{"name":"wp","href":"https:\/\/api.w.org\/{rel}","templated":true}]}}